{"id":3310,"date":"2023-05-31T09:46:00","date_gmt":"2023-05-31T08:46:00","guid":{"rendered":"https:\/\/grottoraffael.ch\/swiss-miniature"},"modified":"2023-05-31T09:58:09","modified_gmt":"2023-05-31T08:58:09","slug":"swiss-miniature","status":"publish","type":"page","link":"https:\/\/grottoraffael.ch\/de\/swiss-miniature\/","title":{"rendered":"Swiss Miniature"},"content":{"rendered":"\t\t<div data-elementor-type=\"wp-page\" data-elementor-id=\"3310\" class=\"elementor elementor-3310 elementor-3293\" data-elementor-post-type=\"page\">\n\t\t\t\t\t\t<section class=\"elementor-section elementor-top-section elementor-element elementor-element-b5340ff elementor-section-boxed elementor-section-height-default elementor-section-height-default\" data-id=\"b5340ff\" data-element_type=\"section\" data-e-type=\"section\" data-settings=\"{&quot;background_background&quot;:&quot;classic&quot;}\">\n\t\t\t\t\t\t\t<div class=\"elementor-background-overlay\"><\/div>\n\t\t\t\t\t\t\t<div class=\"elementor-container elementor-column-gap-default\">\n\t\t\t\t\t<div class=\"elementor-column elementor-col-100 elementor-top-column elementor-element elementor-element-6ee5dbb\" data-id=\"6ee5dbb\" data-element_type=\"column\" data-e-type=\"column\">\n\t\t\t<div class=\"elementor-widget-wrap elementor-element-populated\">\n\t\t\t\t\t\t<div class=\"elementor-element elementor-element-3936937 elementor-widget elementor-widget-image\" data-id=\"3936937\" data-element_type=\"widget\" data-e-type=\"widget\" data-widget_type=\"image.default\">\n\t\t\t\t<div class=\"elementor-widget-container\">\n\t\t\t\t\t\t\t\t\t\t\t\t\t\t\t<img fetchpriority=\"high\" decoding=\"async\" width=\"800\" height=\"427\" src=\"https:\/\/grottoraffael.ch\/wp-content\/uploads\/sites\/15\/2023\/01\/logo-swiss-miniature@4x-1024x547.png\" class=\"attachment-large size-large wp-image-3073\" alt=\"\" srcset=\"https:\/\/grottoraffael.ch\/wp-content\/uploads\/sites\/15\/2023\/01\/logo-swiss-miniature@4x-1024x547.png 1024w, https:\/\/grottoraffael.ch\/wp-content\/uploads\/sites\/15\/2023\/01\/logo-swiss-miniature@4x-300x160.png 300w, https:\/\/grottoraffael.ch\/wp-content\/uploads\/sites\/15\/2023\/01\/logo-swiss-miniature@4x-768x410.png 768w, https:\/\/grottoraffael.ch\/wp-content\/uploads\/sites\/15\/2023\/01\/logo-swiss-miniature@4x-600x321.png 600w, https:\/\/grottoraffael.ch\/wp-content\/uploads\/sites\/15\/2023\/01\/logo-swiss-miniature@4x.png 1177w\" sizes=\"(max-width: 800px) 100vw, 800px\" \/>\t\t\t\t\t\t\t\t\t\t\t\t\t\t\t<\/div>\n\t\t\t\t<\/div>\n\t\t\t\t\t<\/div>\n\t\t<\/div>\n\t\t\t\t\t<\/div>\n\t\t<\/section>\n\t\t\t\t<section class=\"elementor-section elementor-top-section elementor-element elementor-element-0df20fe elementor-section-boxed elementor-section-height-default elementor-section-height-default\" data-id=\"0df20fe\" data-element_type=\"section\" data-e-type=\"section\">\n\t\t\t\t\t\t<div class=\"elementor-container elementor-column-gap-default\">\n\t\t\t\t\t<div class=\"elementor-column elementor-col-100 elementor-top-column elementor-element elementor-element-bdee336\" data-id=\"bdee336\" data-element_type=\"column\" data-e-type=\"column\">\n\t\t\t<div class=\"elementor-widget-wrap elementor-element-populated\">\n\t\t\t\t\t\t<div class=\"elementor-element elementor-element-25dd1f3 elementor-widget elementor-widget-heading\" data-id=\"25dd1f3\" data-element_type=\"widget\" data-e-type=\"widget\" data-widget_type=\"heading.default\">\n\t\t\t\t<div class=\"elementor-widget-container\">\n\t\t\t\t\t<h4 class=\"elementor-heading-title elementor-size-default\">Grotto Raffael<\/h4>\t\t\t\t<\/div>\n\t\t\t\t<\/div>\n\t\t\t\t<div class=\"elementor-element elementor-element-2fe98b1 elementor-widget elementor-widget-heading\" data-id=\"2fe98b1\" data-element_type=\"widget\" data-e-type=\"widget\" data-widget_type=\"heading.default\">\n\t\t\t\t<div class=\"elementor-widget-container\">\n\t\t\t\t\t<h2 class=\"elementor-heading-title elementor-size-default\">Miniatur<\/h2>\t\t\t\t<\/div>\n\t\t\t\t<\/div>\n\t\t\t\t<div class=\"elementor-element elementor-element-e5de595 elementor-widget elementor-widget-image\" data-id=\"e5de595\" data-element_type=\"widget\" data-e-type=\"widget\" data-widget_type=\"image.default\">\n\t\t\t\t<div class=\"elementor-widget-container\">\n\t\t\t\t\t\t\t\t\t\t\t\t\t\t\t<img decoding=\"async\" width=\"800\" height=\"534\" src=\"https:\/\/grottoraffael.ch\/wp-content\/uploads\/sites\/15\/2023\/05\/Grotto-Raffael-Swiss-Miniature-003-1024x683.jpg\" class=\"attachment-large size-large wp-image-3209\" alt=\"\" srcset=\"https:\/\/grottoraffael.ch\/wp-content\/uploads\/sites\/15\/2023\/05\/Grotto-Raffael-Swiss-Miniature-003-1024x683.jpg 1024w, https:\/\/grottoraffael.ch\/wp-content\/uploads\/sites\/15\/2023\/05\/Grotto-Raffael-Swiss-Miniature-003-300x200.jpg 300w, https:\/\/grottoraffael.ch\/wp-content\/uploads\/sites\/15\/2023\/05\/Grotto-Raffael-Swiss-Miniature-003-768x512.jpg 768w, https:\/\/grottoraffael.ch\/wp-content\/uploads\/sites\/15\/2023\/05\/Grotto-Raffael-Swiss-Miniature-003-1536x1024.jpg 1536w, https:\/\/grottoraffael.ch\/wp-content\/uploads\/sites\/15\/2023\/05\/Grotto-Raffael-Swiss-Miniature-003-2048x1365.jpg 2048w\" sizes=\"(max-width: 800px) 100vw, 800px\" \/>\t\t\t\t\t\t\t\t\t\t\t\t\t\t\t<\/div>\n\t\t\t\t<\/div>\n\t\t\t\t<div class=\"elementor-element elementor-element-2d72b16 elementor-widget elementor-widget-text-editor\" data-id=\"2d72b16\" data-element_type=\"widget\" data-e-type=\"widget\" data-widget_type=\"text-editor.default\">\n\t\t\t\t<div class=\"elementor-widget-container\">\n\t\t\t\t\t\t\t\t\t<p>Am Samstag, 13. Mai, wurde an der Swissminiatur das dritte neue Modell der Saison 2023 enth\u00fcllt. Die Grotte Raffael in Losone &#8211; Tessin, eine der \u00e4ltesten und typischsten Grotten des Kantons Tessin, ist in der Tat die erste Tessiner Grotte im Park.<\/p>\n<p>Bei der Enth\u00fcllung des Modells, die von der fr\u00f6hlichen Musik einer Band begleitet wurde, konnten die Teilnehmer die zahlreichen Details bewundern, die die Miniatur ausmachen. Das Modell im Ma\u00dfstab 1:25 stellt auch die Terrasse im Schatten der alten Platanen und den Kinderspielplatz originalgetreu dar. Im Inneren des Hauses, das komplett m\u00f6bliert ist, befindet sich ein antiker Kamin. Eine Pr\u00e4zisionsarbeit, die vom Swissminiatur-Dekorateurteam ausgef\u00fchrt wurde.<\/p>\n<p>Die Kombination aus der Geschicklichkeit der Dekorateure und der Hilfe des 3D-Druckers erm\u00f6glichte die Innen- und Au\u00dfeneinrichtung der neuen Miniatur.<\/p>\n\t\t\t\t\t\t\t\t<\/div>\n\t\t\t\t<\/div>\n\t\t\t\t<div class=\"elementor-element elementor-element-15e7fcf elementor-widget elementor-widget-gallery\" data-id=\"15e7fcf\" data-element_type=\"widget\" data-e-type=\"widget\" data-settings=\"{&quot;lazyload&quot;:&quot;yes&quot;,&quot;gallery_layout&quot;:&quot;grid&quot;,&quot;columns&quot;:4,&quot;columns_tablet&quot;:2,&quot;columns_mobile&quot;:1,&quot;gap&quot;:{&quot;unit&quot;:&quot;px&quot;,&quot;size&quot;:10,&quot;sizes&quot;:[]},&quot;gap_tablet&quot;:{&quot;unit&quot;:&quot;px&quot;,&quot;size&quot;:10,&quot;sizes&quot;:[]},&quot;gap_mobile&quot;:{&quot;unit&quot;:&quot;px&quot;,&quot;size&quot;:10,&quot;sizes&quot;:[]},&quot;link_to&quot;:&quot;file&quot;,&quot;aspect_ratio&quot;:&quot;3:2&quot;,&quot;overlay_background&quot;:&quot;yes&quot;,&quot;content_hover_animation&quot;:&quot;fade-in&quot;}\" data-widget_type=\"gallery.default\">\n\t\t\t\t<div class=\"elementor-widget-container\">\n\t\t\t\t\t\t\t<div class=\"elementor-gallery__container\">\n\t\t\t\t\t\t\t<a class=\"e-gallery-item elementor-gallery-item elementor-animated-content\" href=\"https:\/\/grottoraffael.ch\/wp-content\/uploads\/sites\/15\/2023\/05\/Grotto-Raffael-Swiss-Miniature-012-scaled.jpg\" data-elementor-open-lightbox=\"yes\" data-elementor-lightbox-slideshow=\"15e7fcf\" data-e-action-hash=\"#elementor-action%3Aaction%3Dlightbox%26settings%3DeyJpZCI6MzI1NCwidXJsIjoiaHR0cHM6XC9cL2dyb3R0b3JhZmZhZWwuY2hcL3dwLWNvbnRlbnRcL3VwbG9hZHNcL3NpdGVzXC8xNVwvMjAyM1wvMDVcL0dyb3R0by1SYWZmYWVsLVN3aXNzLU1pbmlhdHVyZS0wMTItc2NhbGVkLmpwZyIsInNsaWRlc2hvdyI6IjE1ZTdmY2YifQ%3D%3D\">\n\t\t\t\t\t<div class=\"e-gallery-image elementor-gallery-item__image\" data-thumbnail=\"https:\/\/grottoraffael.ch\/wp-content\/uploads\/sites\/15\/2023\/05\/Grotto-Raffael-Swiss-Miniature-012-225x300.jpg\" data-width=\"225\" data-height=\"300\" aria-label=\"\" role=\"img\" ><\/div>\n\t\t\t\t\t\t\t\t\t\t\t<div class=\"elementor-gallery-item__overlay\"><\/div>\n\t\t\t\t\t\t\t\t\t\t\t\t\t\t<\/a>\n\t\t\t\t\t\t\t<a class=\"e-gallery-item elementor-gallery-item elementor-animated-content\" href=\"https:\/\/grottoraffael.ch\/wp-content\/uploads\/sites\/15\/2023\/05\/Grotto-Raffael-Swiss-Miniature-011-scaled.jpg\" data-elementor-open-lightbox=\"yes\" data-elementor-lightbox-slideshow=\"15e7fcf\" data-e-action-hash=\"#elementor-action%3Aaction%3Dlightbox%26settings%3DeyJpZCI6MzI1MCwidXJsIjoiaHR0cHM6XC9cL2dyb3R0b3JhZmZhZWwuY2hcL3dwLWNvbnRlbnRcL3VwbG9hZHNcL3NpdGVzXC8xNVwvMjAyM1wvMDVcL0dyb3R0by1SYWZmYWVsLVN3aXNzLU1pbmlhdHVyZS0wMTEtc2NhbGVkLmpwZyIsInNsaWRlc2hvdyI6IjE1ZTdmY2YifQ%3D%3D\">\n\t\t\t\t\t<div class=\"e-gallery-image elementor-gallery-item__image\" data-thumbnail=\"https:\/\/grottoraffael.ch\/wp-content\/uploads\/sites\/15\/2023\/05\/Grotto-Raffael-Swiss-Miniature-011-300x225.jpg\" data-width=\"300\" data-height=\"225\" aria-label=\"\" role=\"img\" ><\/div>\n\t\t\t\t\t\t\t\t\t\t\t<div class=\"elementor-gallery-item__overlay\"><\/div>\n\t\t\t\t\t\t\t\t\t\t\t\t\t\t<\/a>\n\t\t\t\t\t\t\t<a class=\"e-gallery-item elementor-gallery-item elementor-animated-content\" href=\"https:\/\/grottoraffael.ch\/wp-content\/uploads\/sites\/15\/2023\/05\/Grotto-Raffael-Swiss-Miniature-010-scaled.jpg\" data-elementor-open-lightbox=\"yes\" data-elementor-lightbox-slideshow=\"15e7fcf\" data-e-action-hash=\"#elementor-action%3Aaction%3Dlightbox%26settings%3DeyJpZCI6MzI0NiwidXJsIjoiaHR0cHM6XC9cL2dyb3R0b3JhZmZhZWwuY2hcL3dwLWNvbnRlbnRcL3VwbG9hZHNcL3NpdGVzXC8xNVwvMjAyM1wvMDVcL0dyb3R0by1SYWZmYWVsLVN3aXNzLU1pbmlhdHVyZS0wMTAtc2NhbGVkLmpwZyIsInNsaWRlc2hvdyI6IjE1ZTdmY2YifQ%3D%3D\">\n\t\t\t\t\t<div class=\"e-gallery-image elementor-gallery-item__image\" data-thumbnail=\"https:\/\/grottoraffael.ch\/wp-content\/uploads\/sites\/15\/2023\/05\/Grotto-Raffael-Swiss-Miniature-010-225x300.jpg\" data-width=\"225\" data-height=\"300\" aria-label=\"\" role=\"img\" ><\/div>\n\t\t\t\t\t\t\t\t\t\t\t<div class=\"elementor-gallery-item__overlay\"><\/div>\n\t\t\t\t\t\t\t\t\t\t\t\t\t\t<\/a>\n\t\t\t\t\t\t\t<a class=\"e-gallery-item elementor-gallery-item elementor-animated-content\" href=\"https:\/\/grottoraffael.ch\/wp-content\/uploads\/sites\/15\/2023\/05\/Grotto-Raffael-Swiss-Miniature-004-scaled.jpg\" data-elementor-open-lightbox=\"yes\" data-elementor-lightbox-slideshow=\"15e7fcf\" data-e-action-hash=\"#elementor-action%3Aaction%3Dlightbox%26settings%3DeyJpZCI6MzI0MiwidXJsIjoiaHR0cHM6XC9cL2dyb3R0b3JhZmZhZWwuY2hcL3dwLWNvbnRlbnRcL3VwbG9hZHNcL3NpdGVzXC8xNVwvMjAyM1wvMDVcL0dyb3R0by1SYWZmYWVsLVN3aXNzLU1pbmlhdHVyZS0wMDQtc2NhbGVkLmpwZyIsInNsaWRlc2hvdyI6IjE1ZTdmY2YifQ%3D%3D\">\n\t\t\t\t\t<div class=\"e-gallery-image elementor-gallery-item__image\" data-thumbnail=\"https:\/\/grottoraffael.ch\/wp-content\/uploads\/sites\/15\/2023\/05\/Grotto-Raffael-Swiss-Miniature-004-300x200.jpg\" data-width=\"300\" data-height=\"200\" aria-label=\"\" role=\"img\" ><\/div>\n\t\t\t\t\t\t\t\t\t\t\t<div class=\"elementor-gallery-item__overlay\"><\/div>\n\t\t\t\t\t\t\t\t\t\t\t\t\t\t<\/a>\n\t\t\t\t\t\t\t<a class=\"e-gallery-item elementor-gallery-item elementor-animated-content\" href=\"https:\/\/grottoraffael.ch\/wp-content\/uploads\/sites\/15\/2023\/05\/Grotto-Raffael-Swiss-Miniature-009-scaled.jpg\" data-elementor-open-lightbox=\"yes\" data-elementor-lightbox-slideshow=\"15e7fcf\" data-e-action-hash=\"#elementor-action%3Aaction%3Dlightbox%26settings%3DeyJpZCI6MzIzOCwidXJsIjoiaHR0cHM6XC9cL2dyb3R0b3JhZmZhZWwuY2hcL3dwLWNvbnRlbnRcL3VwbG9hZHNcL3NpdGVzXC8xNVwvMjAyM1wvMDVcL0dyb3R0by1SYWZmYWVsLVN3aXNzLU1pbmlhdHVyZS0wMDktc2NhbGVkLmpwZyIsInNsaWRlc2hvdyI6IjE1ZTdmY2YifQ%3D%3D\">\n\t\t\t\t\t<div class=\"e-gallery-image elementor-gallery-item__image\" data-thumbnail=\"https:\/\/grottoraffael.ch\/wp-content\/uploads\/sites\/15\/2023\/05\/Grotto-Raffael-Swiss-Miniature-009-300x225.jpg\" data-width=\"300\" data-height=\"225\" aria-label=\"\" role=\"img\" ><\/div>\n\t\t\t\t\t\t\t\t\t\t\t<div class=\"elementor-gallery-item__overlay\"><\/div>\n\t\t\t\t\t\t\t\t\t\t\t\t\t\t<\/a>\n\t\t\t\t\t\t\t<a class=\"e-gallery-item elementor-gallery-item elementor-animated-content\" href=\"https:\/\/grottoraffael.ch\/wp-content\/uploads\/sites\/15\/2023\/05\/Grotto-Raffael-Swiss-Miniature-008-scaled.jpg\" data-elementor-open-lightbox=\"yes\" data-elementor-lightbox-slideshow=\"15e7fcf\" data-e-action-hash=\"#elementor-action%3Aaction%3Dlightbox%26settings%3DeyJpZCI6MzIzNCwidXJsIjoiaHR0cHM6XC9cL2dyb3R0b3JhZmZhZWwuY2hcL3dwLWNvbnRlbnRcL3VwbG9hZHNcL3NpdGVzXC8xNVwvMjAyM1wvMDVcL0dyb3R0by1SYWZmYWVsLVN3aXNzLU1pbmlhdHVyZS0wMDgtc2NhbGVkLmpwZyIsInNsaWRlc2hvdyI6IjE1ZTdmY2YifQ%3D%3D\">\n\t\t\t\t\t<div class=\"e-gallery-image elementor-gallery-item__image\" data-thumbnail=\"https:\/\/grottoraffael.ch\/wp-content\/uploads\/sites\/15\/2023\/05\/Grotto-Raffael-Swiss-Miniature-008-300x225.jpg\" data-width=\"300\" data-height=\"225\" aria-label=\"\" role=\"img\" ><\/div>\n\t\t\t\t\t\t\t\t\t\t\t<div class=\"elementor-gallery-item__overlay\"><\/div>\n\t\t\t\t\t\t\t\t\t\t\t\t\t\t<\/a>\n\t\t\t\t\t\t\t<a class=\"e-gallery-item elementor-gallery-item elementor-animated-content\" href=\"https:\/\/grottoraffael.ch\/wp-content\/uploads\/sites\/15\/2023\/05\/Grotto-Raffael-Swiss-Miniature-001-scaled.jpg\" data-elementor-open-lightbox=\"yes\" data-elementor-lightbox-slideshow=\"15e7fcf\" data-e-action-hash=\"#elementor-action%3Aaction%3Dlightbox%26settings%3DeyJpZCI6MzIzMCwidXJsIjoiaHR0cHM6XC9cL2dyb3R0b3JhZmZhZWwuY2hcL3dwLWNvbnRlbnRcL3VwbG9hZHNcL3NpdGVzXC8xNVwvMjAyM1wvMDVcL0dyb3R0by1SYWZmYWVsLVN3aXNzLU1pbmlhdHVyZS0wMDEtc2NhbGVkLmpwZyIsInNsaWRlc2hvdyI6IjE1ZTdmY2YifQ%3D%3D\">\n\t\t\t\t\t<div class=\"e-gallery-image elementor-gallery-item__image\" data-thumbnail=\"https:\/\/grottoraffael.ch\/wp-content\/uploads\/sites\/15\/2023\/05\/Grotto-Raffael-Swiss-Miniature-001-200x300.jpg\" data-width=\"200\" data-height=\"300\" aria-label=\"\" role=\"img\" ><\/div>\n\t\t\t\t\t\t\t\t\t\t\t<div class=\"elementor-gallery-item__overlay\"><\/div>\n\t\t\t\t\t\t\t\t\t\t\t\t\t\t<\/a>\n\t\t\t\t\t\t\t<a class=\"e-gallery-item elementor-gallery-item elementor-animated-content\" href=\"https:\/\/grottoraffael.ch\/wp-content\/uploads\/sites\/15\/2023\/05\/Grotto-Raffael-Swiss-Miniature-002-scaled.jpg\" data-elementor-open-lightbox=\"yes\" data-elementor-lightbox-slideshow=\"15e7fcf\" data-e-action-hash=\"#elementor-action%3Aaction%3Dlightbox%26settings%3DeyJpZCI6MzIyNiwidXJsIjoiaHR0cHM6XC9cL2dyb3R0b3JhZmZhZWwuY2hcL3dwLWNvbnRlbnRcL3VwbG9hZHNcL3NpdGVzXC8xNVwvMjAyM1wvMDVcL0dyb3R0by1SYWZmYWVsLVN3aXNzLU1pbmlhdHVyZS0wMDItc2NhbGVkLmpwZyIsInNsaWRlc2hvdyI6IjE1ZTdmY2YifQ%3D%3D\">\n\t\t\t\t\t<div class=\"e-gallery-image elementor-gallery-item__image\" data-thumbnail=\"https:\/\/grottoraffael.ch\/wp-content\/uploads\/sites\/15\/2023\/05\/Grotto-Raffael-Swiss-Miniature-002-200x300.jpg\" data-width=\"200\" data-height=\"300\" aria-label=\"\" role=\"img\" ><\/div>\n\t\t\t\t\t\t\t\t\t\t\t<div class=\"elementor-gallery-item__overlay\"><\/div>\n\t\t\t\t\t\t\t\t\t\t\t\t\t\t<\/a>\n\t\t\t\t\t\t\t<a class=\"e-gallery-item elementor-gallery-item elementor-animated-content\" href=\"https:\/\/grottoraffael.ch\/wp-content\/uploads\/sites\/15\/2023\/05\/Grotto-Raffael-Swiss-Miniature-007-scaled.jpg\" data-elementor-open-lightbox=\"yes\" data-elementor-lightbox-slideshow=\"15e7fcf\" data-e-action-hash=\"#elementor-action%3Aaction%3Dlightbox%26settings%3DeyJpZCI6MzIyMiwidXJsIjoiaHR0cHM6XC9cL2dyb3R0b3JhZmZhZWwuY2hcL3dwLWNvbnRlbnRcL3VwbG9hZHNcL3NpdGVzXC8xNVwvMjAyM1wvMDVcL0dyb3R0by1SYWZmYWVsLVN3aXNzLU1pbmlhdHVyZS0wMDctc2NhbGVkLmpwZyIsInNsaWRlc2hvdyI6IjE1ZTdmY2YifQ%3D%3D\">\n\t\t\t\t\t<div class=\"e-gallery-image elementor-gallery-item__image\" data-thumbnail=\"https:\/\/grottoraffael.ch\/wp-content\/uploads\/sites\/15\/2023\/05\/Grotto-Raffael-Swiss-Miniature-007-300x200.jpg\" data-width=\"300\" data-height=\"200\" aria-label=\"\" role=\"img\" ><\/div>\n\t\t\t\t\t\t\t\t\t\t\t<div class=\"elementor-gallery-item__overlay\"><\/div>\n\t\t\t\t\t\t\t\t\t\t\t\t\t\t<\/a>\n\t\t\t\t\t\t\t<a class=\"e-gallery-item elementor-gallery-item elementor-animated-content\" href=\"https:\/\/grottoraffael.ch\/wp-content\/uploads\/sites\/15\/2023\/05\/Grotto-Raffael-Swiss-Miniature-005-scaled.jpg\" data-elementor-open-lightbox=\"yes\" data-elementor-lightbox-slideshow=\"15e7fcf\" data-e-action-hash=\"#elementor-action%3Aaction%3Dlightbox%26settings%3DeyJpZCI6MzIxOCwidXJsIjoiaHR0cHM6XC9cL2dyb3R0b3JhZmZhZWwuY2hcL3dwLWNvbnRlbnRcL3VwbG9hZHNcL3NpdGVzXC8xNVwvMjAyM1wvMDVcL0dyb3R0by1SYWZmYWVsLVN3aXNzLU1pbmlhdHVyZS0wMDUtc2NhbGVkLmpwZyIsInNsaWRlc2hvdyI6IjE1ZTdmY2YifQ%3D%3D\">\n\t\t\t\t\t<div class=\"e-gallery-image elementor-gallery-item__image\" data-thumbnail=\"https:\/\/grottoraffael.ch\/wp-content\/uploads\/sites\/15\/2023\/05\/Grotto-Raffael-Swiss-Miniature-005-300x200.jpg\" data-width=\"300\" data-height=\"200\" aria-label=\"\" role=\"img\" ><\/div>\n\t\t\t\t\t\t\t\t\t\t\t<div class=\"elementor-gallery-item__overlay\"><\/div>\n\t\t\t\t\t\t\t\t\t\t\t\t\t\t<\/a>\n\t\t\t\t\t\t\t<a class=\"e-gallery-item elementor-gallery-item elementor-animated-content\" href=\"https:\/\/grottoraffael.ch\/wp-content\/uploads\/sites\/15\/2023\/05\/Grotto-Raffael-Swiss-Miniature-006-scaled.jpg\" data-elementor-open-lightbox=\"yes\" data-elementor-lightbox-slideshow=\"15e7fcf\" data-e-action-hash=\"#elementor-action%3Aaction%3Dlightbox%26settings%3DeyJpZCI6MzIxNCwidXJsIjoiaHR0cHM6XC9cL2dyb3R0b3JhZmZhZWwuY2hcL3dwLWNvbnRlbnRcL3VwbG9hZHNcL3NpdGVzXC8xNVwvMjAyM1wvMDVcL0dyb3R0by1SYWZmYWVsLVN3aXNzLU1pbmlhdHVyZS0wMDYtc2NhbGVkLmpwZyIsInNsaWRlc2hvdyI6IjE1ZTdmY2YifQ%3D%3D\">\n\t\t\t\t\t<div class=\"e-gallery-image elementor-gallery-item__image\" data-thumbnail=\"https:\/\/grottoraffael.ch\/wp-content\/uploads\/sites\/15\/2023\/05\/Grotto-Raffael-Swiss-Miniature-006-300x200.jpg\" data-width=\"300\" data-height=\"200\" aria-label=\"\" role=\"img\" ><\/div>\n\t\t\t\t\t\t\t\t\t\t\t<div class=\"elementor-gallery-item__overlay\"><\/div>\n\t\t\t\t\t\t\t\t\t\t\t\t\t\t<\/a>\n\t\t\t\t\t\t\t<a class=\"e-gallery-item elementor-gallery-item elementor-animated-content\" href=\"https:\/\/grottoraffael.ch\/wp-content\/uploads\/sites\/15\/2023\/05\/Grotto-Raffael-Swiss-Miniature-013.jpg\" data-elementor-open-lightbox=\"yes\" data-elementor-lightbox-slideshow=\"15e7fcf\" data-e-action-hash=\"#elementor-action%3Aaction%3Dlightbox%26settings%3DeyJpZCI6MzIwNSwidXJsIjoiaHR0cHM6XC9cL2dyb3R0b3JhZmZhZWwuY2hcL3dwLWNvbnRlbnRcL3VwbG9hZHNcL3NpdGVzXC8xNVwvMjAyM1wvMDVcL0dyb3R0by1SYWZmYWVsLVN3aXNzLU1pbmlhdHVyZS0wMTMuanBnIiwic2xpZGVzaG93IjoiMTVlN2ZjZiJ9\">\n\t\t\t\t\t<div class=\"e-gallery-image elementor-gallery-item__image\" data-thumbnail=\"https:\/\/grottoraffael.ch\/wp-content\/uploads\/sites\/15\/2023\/05\/Grotto-Raffael-Swiss-Miniature-013-223x300.jpg\" data-width=\"223\" data-height=\"300\" aria-label=\"\" role=\"img\" ><\/div>\n\t\t\t\t\t\t\t\t\t\t\t<div class=\"elementor-gallery-item__overlay\"><\/div>\n\t\t\t\t\t\t\t\t\t\t\t\t\t\t<\/a>\n\t\t\t\t\t<\/div>\n\t\t\t\t\t<\/div>\n\t\t\t\t<\/div>\n\t\t\t\t\t<\/div>\n\t\t<\/div>\n\t\t\t\t\t<\/div>\n\t\t<\/section>\n\t\t\t\t<\/div>\n\t\t","protected":false},"excerpt":{"rendered":"<p>Grotto Raffael Miniatur Am Samstag, 13. Mai, wurde an der Swissminiatur das dritte neue Modell der Saison 2023 enth\u00fcllt. Die Grotte Raffael in Losone &#8211; Tessin, eine der \u00e4ltesten und typischsten Grotten des Kantons Tessin, ist in der Tat die erste Tessiner Grotte im Park. Bei der Enth\u00fcllung des Modells, die von der fr\u00f6hlichen Musik [&hellip;]<\/p>\n","protected":false},"author":3,"featured_media":0,"parent":0,"menu_order":0,"comment_status":"closed","ping_status":"closed","template":"","meta":{"footnotes":""},"class_list":["post-3310","page","type-page","status-publish","hentry"],"_links":{"self":[{"href":"https:\/\/grottoraffael.ch\/de\/wp-json\/wp\/v2\/pages\/3310","targetHints":{"allow":["GET"]}}],"collection":[{"href":"https:\/\/grottoraffael.ch\/de\/wp-json\/wp\/v2\/pages"}],"about":[{"href":"https:\/\/grottoraffael.ch\/de\/wp-json\/wp\/v2\/types\/page"}],"author":[{"embeddable":true,"href":"https:\/\/grottoraffael.ch\/de\/wp-json\/wp\/v2\/users\/3"}],"replies":[{"embeddable":true,"href":"https:\/\/grottoraffael.ch\/de\/wp-json\/wp\/v2\/comments?post=3310"}],"version-history":[{"count":0,"href":"https:\/\/grottoraffael.ch\/de\/wp-json\/wp\/v2\/pages\/3310\/revisions"}],"wp:attachment":[{"href":"https:\/\/grottoraffael.ch\/de\/wp-json\/wp\/v2\/media?parent=3310"}],"curies":[{"name":"wp","href":"https:\/\/api.w.org\/{rel}","templated":true}]}}